{"id":1096,"date":"2023-11-16T09:40:17","date_gmt":"2023-11-16T07:40:17","guid":{"rendered":"https:\/\/my.gridfunnels.com\/?post_type=product&#038;p=1096"},"modified":"2023-11-16T09:41:26","modified_gmt":"2023-11-16T07:41:26","slug":"platforma-gridfunnels","status":"publish","type":"product","link":"https:\/\/my.gridfunnels.com\/ro\/produs\/platforma-gridfunnels\/","title":{"rendered":"Platforma GridFunnels Expert la fiecare 6 luni"},"content":{"rendered":"<ul class=\"elementor-icon-list-items\">\n<li class=\"elementor-icon-list-item\"><span class=\"elementor-icon-list-text\">Creaz\u0103 funnel-uri de v\u00e2nz\u0103ri: landing page, checkout, upsell, downsell \u0219i altele<\/span><\/li>\n<li class=\"elementor-icon-list-item\"><i class=\"fas fa-check-circle\" aria-hidden=\"true\"><\/i><span class=\"elementor-icon-list-text\">Construie\u0219te landing page-uri orientate spre marketing cu constructorul drag&amp;drop<\/span><\/li>\n<li class=\"elementor-icon-list-item\"><i class=\"fas fa-check-circle\" aria-hidden=\"true\"><\/i><span class=\"elementor-icon-list-text\">Sute de \u0219abloane din care po\u021bi alege \u0219i pot fi live \u00een c\u00e2teva minute<\/span><\/li>\n<li class=\"elementor-icon-list-item\"><i class=\"fas fa-check-circle\" aria-hidden=\"true\"><\/i><span class=\"elementor-icon-list-text\">Totul pe domeniul t\u0103u sub brandul t\u0103u<\/span><\/li>\n<li class=\"elementor-icon-list-item\"><i class=\"fas fa-check-circle\" aria-hidden=\"true\"><\/i><span class=\"elementor-icon-list-text\">Pagin\u0103 personalizat\u0103 de checkout pentru a cre\u0219te v\u00e2nz\u0103rile<\/span><\/li>\n<li class=\"elementor-icon-list-item\"><i class=\"fas fa-check-circle\" aria-hidden=\"true\"><\/i><span class=\"elementor-icon-list-text\">Blog personalizat<\/span><\/li>\n<li class=\"elementor-icon-list-item\"><span class=\"elementor-icon-list-text\">Online store with unlimited products<\/span><\/li>\n<li class=\"elementor-icon-list-item\"><i class=\"fas fa-check-circle\" aria-hidden=\"true\"><\/i><span class=\"elementor-icon-list-text\">Modern design, flexible, mobile responsive<\/span><\/li>\n<li class=\"elementor-icon-list-item\"><i class=\"fas fa-check-circle\" aria-hidden=\"true\"><\/i><span class=\"elementor-icon-list-text\">Integrat cu procesatorii de pl\u0103\u021bi (Stripe, EuPl\u0103tesc \u0219i mul\u021bi al\u021bii)<\/span><\/li>\n<li class=\"elementor-icon-list-item\"><i class=\"fas fa-check-circle\" aria-hidden=\"true\"><\/i><span class=\"elementor-icon-list-text\">Multiple op\u021biuni de plat\u0103: car, transfer bancar, cash la livrare \u0219i altele<\/span><\/li>\n<li class=\"elementor-icon-list-item\"><i class=\"fas fa-check-circle\" aria-hidden=\"true\"><\/i><span class=\"elementor-icon-list-text\">Rapoarte de v\u00e2nz\u0103ri<\/span><\/li>\n<li class=\"elementor-icon-list-item\"><i class=\"fas fa-check-circle\" aria-hidden=\"true\"><\/i><span class=\"elementor-icon-list-text\">Sistem de facturare automat<\/span><\/li>\n<li class=\"elementor-icon-list-item\"><span class=\"elementor-icon-list-text\">Automatiz\u0103ri de campanii de email marketing<\/span><\/li>\n<li class=\"elementor-icon-list-item\"><i class=\"fas fa-check-circle\" aria-hidden=\"true\"><\/i><span class=\"elementor-icon-list-text\">Construie\u0219te automatiz\u0103ri pentru generare de lead-uri<\/span><\/li>\n<li class=\"elementor-icon-list-item\"><i class=\"fas fa-check-circle\" aria-hidden=\"true\"><\/i><span class=\"elementor-icon-list-text\">Trimite broadcast-uri listei tale<\/span><\/li>\n<li class=\"elementor-icon-list-item\"><i class=\"fas fa-check-circle\" aria-hidden=\"true\"><\/i><span class=\"elementor-icon-list-text\">Construie\u0219te automatiz\u0103rile vizual<\/span><\/li>\n<li class=\"elementor-icon-list-item\"><i class=\"fas fa-check-circle\" aria-hidden=\"true\"><\/i><span class=\"elementor-icon-list-text\">Urm\u0103re\u0219te link-urile accesate de clien\u021bii t\u0103i<\/span><\/li>\n<li class=\"elementor-icon-list-item\"><i class=\"fas fa-check-circle\" aria-hidden=\"true\"><\/i><span class=\"elementor-icon-list-text\">Rapoarte detaliate<\/span><\/li>\n<li class=\"elementor-icon-list-item\"><i class=\"fas fa-check-circle\" aria-hidden=\"true\"><\/i><span class=\"elementor-icon-list-text\">Segmenteaz\u0103 \u0219i automatizeaz\u0103 cu tag-uri<\/span><\/li>\n<li class=\"elementor-icon-list-item\"><i class=\"fas fa-check-circle\" aria-hidden=\"true\"><\/i><span class=\"elementor-icon-list-text\">&#8220;Pipeline&#8221; de v\u00e2nz\u0103ri \u00een stil Kanban<\/span><\/li>\n<li class=\"elementor-icon-list-item\"><i class=\"fas fa-check-circle\" aria-hidden=\"true\"><\/i><span class=\"elementor-icon-list-text\">Sistem de num\u0103r\u0103toare invers\u0103 \u00een email-uri<\/span><\/li>\n<li class=\"elementor-icon-list-item\"><i class=\"fas fa-check-circle\" aria-hidden=\"true\"><\/i><span class=\"elementor-icon-list-text\">Punctaj pentru lead-uri<\/span><\/li>\n<li class=\"elementor-icon-list-item\"><i class=\"fas fa-check-circle\" aria-hidden=\"true\"><\/i><span class=\"elementor-icon-list-text\">\u00cen conformitate cu GDPR<\/span><\/li>\n<\/ul>","protected":false},"excerpt":{"rendered":"<p>Creaz\u0103 funnel-uri de v\u00e2nz\u0103ri: landing page, checkout, upsell, downsell \u0219i altele Construie\u0219te landing page-uri orientate spre marketing cu constructorul drag&amp;drop Sute de \u0219abloane din care po\u021bi alege \u0219i pot fi live \u00een c\u00e2teva minute Totul pe domeniul t\u0103u sub brandul t\u0103u Pagin\u0103 personalizat\u0103 de checkout pentru a cre\u0219te v\u00e2nz\u0103rile Blog personalizat Online store with unlimited&#8230;<\/p>","protected":false},"featured_media":0,"template":"","meta":{"_acf_changed":false,"_kad_blocks_custom_css":"","_kad_blocks_head_custom_js":"","_kad_blocks_body_custom_js":"","_kad_blocks_footer_custom_js":"","_kad_post_transparent":"","_kad_post_title":"","_kad_post_layout":"","_kad_post_sidebar_id":"","_kad_post_content_style":"","_kad_post_vertical_padding":"","_kad_post_feature":"","_kad_post_feature_position":"","_kad_post_header":false,"_kad_post_footer":false,"_kad_post_classname":""},"product_brand":[],"product_cat":[29],"product_tag":[],"class_list":{"0":"post-1096","1":"product","2":"type-product","3":"status-publish","5":"product_cat-gridfunnels-legacy","7":"first","8":"instock","9":"downloadable","10":"virtual","11":"purchasable","12":"product-type-simple","13":"entry","14":"content-bg","15":"loop-entry"},"acf":[],"taxonomy_info":{"product_cat":[{"value":29,"label":"GridFunnels Legacy"}]},"featured_image_src_large":false,"author_info":[],"comment_info":"","_links":{"self":[{"href":"https:\/\/my.gridfunnels.com\/ro\/wp-json\/wp\/v2\/product\/1096","targetHints":{"allow":["GET"]}}],"collection":[{"href":"https:\/\/my.gridfunnels.com\/ro\/wp-json\/wp\/v2\/product"}],"about":[{"href":"https:\/\/my.gridfunnels.com\/ro\/wp-json\/wp\/v2\/types\/product"}],"wp:attachment":[{"href":"https:\/\/my.gridfunnels.com\/ro\/wp-json\/wp\/v2\/media?parent=1096"}],"wp:term":[{"taxonomy":"product_brand","embeddable":true,"href":"https:\/\/my.gridfunnels.com\/ro\/wp-json\/wp\/v2\/product_brand?post=1096"},{"taxonomy":"product_cat","embeddable":true,"href":"https:\/\/my.gridfunnels.com\/ro\/wp-json\/wp\/v2\/product_cat?post=1096"},{"taxonomy":"product_tag","embeddable":true,"href":"https:\/\/my.gridfunnels.com\/ro\/wp-json\/wp\/v2\/product_tag?post=1096"}],"curies":[{"name":"wp","href":"https:\/\/api.w.org\/{rel}","templated":true}]}}